{"id":10,"date":"2007-03-07T12:57:56","date_gmt":"2007-03-07T11:57:56","guid":{"rendered":"http:\/\/ehmkede.h1051965.serverkompetenz.net\/?page_id=10"},"modified":"2025-06-02T11:32:39","modified_gmt":"2025-06-02T09:32:39","slug":"training","status":"publish","type":"page","link":"https:\/\/www.vfl-badschwartau-tt.de\/?page_id=10","title":{"rendered":"Training"},"content":{"rendered":"<p><img decoding=\"async\" src=\"https:\/\/www.vfl-badschwartau-tt.de\/wp-content\/uploads\/2023\/09\/Robert.jpg\" alt=\"Unser Trainerteam\" \/><\/p>\n<h3>Rudolf-Harbig Halle<\/h3>\n<h3>Trainingszeiten<\/h3>\n<p><strong><span style=\"text-decoration: underline;\">Dienstag<\/span><\/strong><br \/>\n17.30 &#8211; 19.00 Uhr Jugendtraining \/ Sven<br \/>\n19.00 &#8211; 21.45 Uhr Erwachsene<\/p>\n<p><strong><span style=\"text-decoration: underline;\">Donnerstag<\/span> <\/strong><br \/>\n18.00 &#8211; 20.00 Uhr freies Training<\/p>\n<p><strong><span style=\"text-decoration: underline;\">Freitag<\/span> <\/strong><br \/>\n17.30 &#8211; 19.00 Uhr Jugendtraining \/ Robert<br \/>\n19.00 &#8211; 21.45 Uhr Erwachsene<br \/>\nam Freitag kann es aufgrund von Punktspielen zu Einschr\u00e4nkungen des Trainingsbetriebes kommen.<\/p>\n<p>\u00c4nderungen am Trainingsplan werden im Newsbereich unter Training ver\u00f6ffentlicht.<\/p>\n","protected":false},"excerpt":{"rendered":"<p>Rudolf-Harbig Halle Trainingszeiten Dienstag 17.30 &#8211; 19.00 Uhr Jugendtraining \/ Sven 19.00 &#8211; 21.45 Uhr Erwachsene Donnerstag 18.00 &#8211; 20.00 Uhr freies Training Freitag 17.30 &#8211; 19.00 Uhr Jugendtraining \/ Robert 19.00 &#8211; 21.45 Uhr Erwachsene am Freitag kann es aufgrund von Punktspielen zu Einschr\u00e4nkungen des Trainingsbetriebes kommen. \u00c4nderungen am Trainingsplan werden im Newsbereich unter Training ver\u00f6ffentlicht.<\/p>\n","protected":false},"author":41329,"featured_media":0,"parent":0,"menu_order":3,"comment_status":"open","ping_status":"open","template":"","meta":{"footnotes":""},"class_list":["post-10","page","type-page","status-publish","hentry"],"_links":{"self":[{"href":"https:\/\/www.vfl-badschwartau-tt.de\/index.php?rest_route=\/wp\/v2\/pages\/10","targetHints":{"allow":["GET"]}}],"collection":[{"href":"https:\/\/www.vfl-badschwartau-tt.de\/index.php?rest_route=\/wp\/v2\/pages"}],"about":[{"href":"https:\/\/www.vfl-badschwartau-tt.de\/index.php?rest_route=\/wp\/v2\/types\/page"}],"author":[{"embeddable":true,"href":"https:\/\/www.vfl-badschwartau-tt.de\/index.php?rest_route=\/wp\/v2\/users\/41329"}],"replies":[{"embeddable":true,"href":"https:\/\/www.vfl-badschwartau-tt.de\/index.php?rest_route=%2Fwp%2Fv2%2Fcomments&post=10"}],"version-history":[{"count":67,"href":"https:\/\/www.vfl-badschwartau-tt.de\/index.php?rest_route=\/wp\/v2\/pages\/10\/revisions"}],"predecessor-version":[{"id":6222,"href":"https:\/\/www.vfl-badschwartau-tt.de\/index.php?rest_route=\/wp\/v2\/pages\/10\/revisions\/6222"}],"wp:attachment":[{"href":"https:\/\/www.vfl-badschwartau-tt.de\/index.php?rest_route=%2Fwp%2Fv2%2Fmedia&parent=10"}],"curies":[{"name":"wp","href":"https:\/\/api.w.org\/{rel}","templated":true}]}}