{"id":21,"date":"2007-03-07T14:59:08","date_gmt":"2007-03-07T13:59:08","guid":{"rendered":"http:\/\/ehmkede.h1051965.serverkompetenz.net\/?page_id=21"},"modified":"2025-06-12T12:49:36","modified_gmt":"2025-06-12T10:49:36","slug":"uber-uns","status":"publish","type":"page","link":"https:\/\/www.vfl-badschwartau-tt.de\/?page_id=21","title":{"rendered":"\u00dcber uns"},"content":{"rendered":"\t\t<div data-elementor-type=\"wp-page\" data-elementor-id=\"21\" class=\"elementor elementor-21\">\n\t\t\t\t\t\t<section class=\"elementor-section elementor-top-section elementor-element elementor-element-3cf41caf elementor-section-boxed elementor-section-height-default elementor-section-height-default\" data-id=\"3cf41caf\" data-element_type=\"section\" data-e-type=\"section\">\n\t\t\t\t\t\t<div class=\"elementor-container elementor-column-gap-default\">\n\t\t\t\t\t<div class=\"elementor-column elementor-col-100 elementor-top-column elementor-element elementor-element-2f260018\" data-id=\"2f260018\" data-element_type=\"column\" data-e-type=\"column\">\n\t\t\t<div class=\"elementor-widget-wrap elementor-element-populated\">\n\t\t\t\t\t\t<div class=\"elementor-element elementor-element-5474d4f7 elementor-widget elementor-widget-text-editor\" data-id=\"5474d4f7\" data-element_type=\"widget\" data-e-type=\"widget\" data-widget_type=\"text-editor.default\">\n\t\t\t\t<div class=\"elementor-widget-container\">\n\t\t\t\t\t\t\t\t\t<p>Die TT-Abteilung des VfL Bad Schwartau ist im Kreis L\u00fcbeck einer der gr\u00f6\u00dften Vereine und nimmt mit 7 Herrenmannschaften am Spielbetrieb 2025\/2026 teil.<br>Bei uns finden Sie in allen Leistungsbereichen die richtigen Spielpartner, ob Verbandsliga&nbsp;oder Kreisklasse &#8211; wir sind leistungsm\u00e4\u00dfig breit vertreten und freuen uns stets \u00fcber neue Gesichter.<\/p>\n<p>Gro\u00dfe Bedeutung hat beim VfL Bad Schwartau die Nachwuchsarbeit. Bereits ab 6 Jahren k\u00f6nnen die Kids am organisierten Jugendtraining teilnehmen.<\/p>\n<p>Schauen Sie gerne mal beim Training vorbei.<\/p>\n<table style=\"border-collapse: collapse; width: 100%; height: 144px;\">\n<tbody>\n<tr style=\"height: 24px;\">\n<td style=\"width: 32.5714%; height: 24px;\"><strong>1. Abteilungsleiter:<\/strong><\/td>\n<td style=\"width: 67.4286%; height: 24px;\">Lutz Glae\u00dfner<br><\/td>\n<\/tr>\n<tr style=\"height: 24px;\">\n<td style=\"width: 32.5714%; height: 24px;\"><strong>stellv. Abteilungsleiter:<\/strong><\/td>\n<td style=\"width: 67.4286%; height: 24px;\">Knud Hansen<br><\/td>\n<\/tr>\n<tr style=\"height: 24px;\">\n<td style=\"width: 32.5714%; height: 24px;\"><strong>Kassenwart:<\/strong><\/td>\n<td style=\"width: 67.4286%; height: 24px;\">Martin Kufahl<br><\/td>\n<\/tr>\n<tr style=\"height: 24px;\">\n<td style=\"width: 32.5714%; height: 24px;\"><strong>Schriftwart:<\/strong><\/td>\n<td style=\"width: 67.4286%; height: 24px;\">Thomas Dretzler<br><\/td>\n<\/tr>\n<tr style=\"height: 24px;\">\n<td style=\"width: 32.5714%; height: 24px;\"><strong>Beisitzer:<\/strong><\/td>\n<td style=\"width: 67.4286%; height: 24px;\">J\u00fcrgen Straatmann\/ Holger Stapelfeldt<\/td>\n<\/tr>\n<tr style=\"height: 24px;\">\n<td style=\"width: 32.5714%; height: 24px;\"><strong>Jugendgremium:<\/strong><\/td>\n<td style=\"width: 67.4286%; height: 24px;\">Ingo Holst \/Robert J\u00fcrgensen \/ Sven Klein \/J\u00fcrgen Straatmann<br><\/td>\n<\/tr>\n<tr style=\"height: 24px;\">\n<td style=\"width: 32.5714%; height: 24px;\"><strong>Trainer u. Betreuer:<\/strong><\/td>\n<td style=\"width: 67.4286%; height: 24px;\"><b><span style=\"display: inline !important; float: none; background-color: transparent; color: rgb(17, 17, 17); cursor: text; font-family: &quot;Arimo&quot;, Verdana, Arial; font-size: 15.2px; font-style: normal; font-variant: normal; letter-spacing: normal; text-align: left; text-decoration: none; text-indent: 0px; text-transform: none; -webkit-text-stroke-width: 0px; white-space: normal; word-spacing: 0px;\">Robert J\u00fcrgensen \/ Raphael R\u00f6hrs \/ Lutz Glae\u00dfner<\/span><span style=\"display: inline !important; float: none; background-color: transparent; color: rgb(17, 17, 17); cursor: text; font-family: &quot;Arimo&quot;, Verdana, Arial; font-size: 15.2px; font-style: normal; font-variant: normal; letter-spacing: normal; text-align: left; text-decoration: none; text-indent: 0px; text-transform: none; -webkit-text-stroke-width: 0px; white-space: normal; word-spacing: 0px;\"> \/ Thomas Manthe \/ J\u00fcrgen Straatmann \/Sven Klein <br><\/span><\/b><\/td>\n<\/tr>\n<\/tbody>\n<\/table>\n<p><strong>&nbsp;Ehrenpr\u00e4sident Abteilung Tischtennis: Ulrich Hein &nbsp; &nbsp; &nbsp; &nbsp; &nbsp; &nbsp; &nbsp;&nbsp; <br><\/strong><\/p>\n<p>&nbsp;<\/p>\n<p><br><\/p>\t\t\t\t\t\t\t\t<\/div>\n\t\t\t\t<\/div>\n\t\t\t\t\t<\/div>\n\t\t<\/div>\n\t\t\t\t\t<\/div>\n\t\t<\/section>\n\t\t\t\t<\/div>\n\t\t","protected":false},"excerpt":{"rendered":"<p>Die TT-Abteilung des VfL Bad Schwartau ist im Kreis L\u00fcbeck einer der gr\u00f6\u00dften Vereine und nimmt mit 7 Herrenmannschaften am Spielbetrieb 2025\/2026 teil.Bei uns finden Sie in allen Leistungsbereichen die richtigen Spielpartner, ob Verbandsliga&nbsp;oder Kreisklasse &#8211; wir sind leistungsm\u00e4\u00dfig breit vertreten und freuen uns stets \u00fcber neue Gesichter. Gro\u00dfe Bedeutung hat beim VfL Bad Schwartau die Nachwuchsarbeit. Bereits ab 6 Jahren k\u00f6nnen die Kids am organisierten Jugendtraining teilnehmen. Schauen Sie<\/p>\n","protected":false},"author":113,"featured_media":0,"parent":0,"menu_order":1,"comment_status":"open","ping_status":"open","template":"","meta":{"footnotes":""},"class_list":["post-21","page","type-page","status-publish","hentry"],"_links":{"self":[{"href":"https:\/\/www.vfl-badschwartau-tt.de\/index.php?rest_route=\/wp\/v2\/pages\/21","targetHints":{"allow":["GET"]}}],"collection":[{"href":"https:\/\/www.vfl-badschwartau-tt.de\/index.php?rest_route=\/wp\/v2\/pages"}],"about":[{"href":"https:\/\/www.vfl-badschwartau-tt.de\/index.php?rest_route=\/wp\/v2\/types\/page"}],"author":[{"embeddable":true,"href":"https:\/\/www.vfl-badschwartau-tt.de\/index.php?rest_route=\/wp\/v2\/users\/113"}],"replies":[{"embeddable":true,"href":"https:\/\/www.vfl-badschwartau-tt.de\/index.php?rest_route=%2Fwp%2Fv2%2Fcomments&post=21"}],"version-history":[{"count":55,"href":"https:\/\/www.vfl-badschwartau-tt.de\/index.php?rest_route=\/wp\/v2\/pages\/21\/revisions"}],"predecessor-version":[{"id":6306,"href":"https:\/\/www.vfl-badschwartau-tt.de\/index.php?rest_route=\/wp\/v2\/pages\/21\/revisions\/6306"}],"wp:attachment":[{"href":"https:\/\/www.vfl-badschwartau-tt.de\/index.php?rest_route=%2Fwp%2Fv2%2Fmedia&parent=21"}],"curies":[{"name":"wp","href":"https:\/\/api.w.org\/{rel}","templated":true}]}}